{"id":89,"date":"2024-07-10T08:43:17","date_gmt":"2024-07-10T08:43:17","guid":{"rendered":"https:\/\/ldpbwebdesigner.com\/?page_id=89"},"modified":"2024-07-16T12:13:40","modified_gmt":"2024-07-16T12:13:40","slug":"blog","status":"publish","type":"page","link":"https:\/\/ldpbwebdesigner.com\/index.php\/blog\/","title":{"rendered":"Blog"},"content":{"rendered":"\t\t<div data-elementor-type=\"wp-page\" data-elementor-id=\"89\" class=\"elementor elementor-89\" data-elementor-post-type=\"page\">\n\t\t\t\t<div class=\"elementor-element elementor-element-6b0e05e e-flex e-con-boxed e-con e-parent\" data-id=\"6b0e05e\" data-element_type=\"container\" data-settings=\"{&quot;background_background&quot;:&quot;classic&quot;}\">\n\t\t\t\t\t<div class=\"e-con-inner\">\n\t\t\t\t<div class=\"elementor-element elementor-element-06b6ab8 elementor-widget elementor-widget-image\" data-id=\"06b6ab8\" data-element_type=\"widget\" data-widget_type=\"image.default\">\n\t\t\t\t<div class=\"elementor-widget-container\">\n\t\t\t\t\t\t\t\t\t\t\t\t\t\t\t<img fetchpriority=\"high\" decoding=\"async\" width=\"800\" height=\"450\" src=\"https:\/\/ldpbwebdesigner.com\/wp-content\/uploads\/2024\/07\/BG-BLOG-1024x576.png\" class=\"attachment-large size-large wp-image-436\" alt=\"Background Blog\" srcset=\"https:\/\/ldpbwebdesigner.com\/wp-content\/uploads\/2024\/07\/BG-BLOG-1024x576.png 1024w, https:\/\/ldpbwebdesigner.com\/wp-content\/uploads\/2024\/07\/BG-BLOG-300x169.png 300w, https:\/\/ldpbwebdesigner.com\/wp-content\/uploads\/2024\/07\/BG-BLOG-768x432.png 768w, https:\/\/ldpbwebdesigner.com\/wp-content\/uploads\/2024\/07\/BG-BLOG.png 1280w\" sizes=\"(max-width: 800px) 100vw, 800px\" \/>\t\t\t\t\t\t\t\t\t\t\t\t\t\t\t<\/div>\n\t\t\t\t<\/div>\n\t\t\t\t\t<\/div>\n\t\t\t\t<\/div>\n\t\t<div class=\"elementor-element elementor-element-713a562 e-flex e-con-boxed e-con e-parent\" data-id=\"713a562\" data-element_type=\"container\">\n\t\t\t\t\t<div class=\"e-con-inner\">\n\t\t\t\t<div class=\"elementor-element elementor-element-d3a208a elementor-grid-3 elementor-grid-tablet-2 elementor-grid-mobile-1 elementor-posts--thumbnail-top elementor-card-shadow-yes elementor-posts__hover-gradient elementor-widget elementor-widget-posts\" data-id=\"d3a208a\" data-element_type=\"widget\" data-settings=\"{&quot;cards_columns&quot;:&quot;3&quot;,&quot;cards_columns_tablet&quot;:&quot;2&quot;,&quot;cards_columns_mobile&quot;:&quot;1&quot;,&quot;cards_row_gap&quot;:{&quot;unit&quot;:&quot;px&quot;,&quot;size&quot;:35,&quot;sizes&quot;:[]},&quot;cards_row_gap_tablet&quot;:{&quot;unit&quot;:&quot;px&quot;,&quot;size&quot;:&quot;&quot;,&quot;sizes&quot;:[]},&quot;cards_row_gap_mobile&quot;:{&quot;unit&quot;:&quot;px&quot;,&quot;size&quot;:&quot;&quot;,&quot;sizes&quot;:[]}}\" data-widget_type=\"posts.cards\">\n\t\t\t\t<div class=\"elementor-widget-container\">\n\t\t\t\t\t\t\t<div class=\"elementor-posts-container elementor-posts elementor-posts--skin-cards elementor-grid\" role=\"list\">\n\t\t\t\t<article class=\"elementor-post elementor-grid-item post-493 post type-post status-publish format-standard hentry category-news\" role=\"listitem\">\n\t\t\t<div class=\"elementor-post__card\">\n\t\t\t\t<div class=\"elementor-post__text\">\n\t\t\t\t<h3 class=\"elementor-post__title\">\n\t\t\t<a href=\"https:\/\/ldpbwebdesigner.com\/index.php\/2024\/10\/27\/location-sans-commission-creez-votre-site-web-et-economisez-jusqua-15-par-reservation\/\" target=&quot;_blank&quot;>\n\t\t\t\tLocation sans commission : cr\u00e9ez votre site web et \u00e9conomisez jusqu&rsquo;\u00e0 15% par r\u00e9servation !\t\t\t<\/a>\n\t\t<\/h3>\n\t\t\n\t\t<a class=\"elementor-post__read-more\" href=\"https:\/\/ldpbwebdesigner.com\/index.php\/2024\/10\/27\/location-sans-commission-creez-votre-site-web-et-economisez-jusqua-15-par-reservation\/\" aria-label=\"Read more about Location sans commission : cr\u00e9ez votre site web et \u00e9conomisez jusqu&rsquo;\u00e0 15% par r\u00e9servation !\" tabindex=\"-1\" target=\"_blank\">\n\t\t\tEn savoir plus...\t\t<\/a>\n\n\t\t\t\t<\/div>\n\t\t\t\t<div class=\"elementor-post__meta-data\">\n\t\t\t\t\t<span class=\"elementor-post-date\">\n\t\t\toctobre 27, 2024\t\t<\/span>\n\t\t\t\t<span class=\"elementor-post-avatar\">\n\t\t\tAucun commentaire\t\t<\/span>\n\t\t\t\t<\/div>\n\t\t\t\t\t<\/div>\n\t\t<\/article>\n\t\t\t\t<article class=\"elementor-post elementor-grid-item post-392 post type-post status-publish format-standard has-post-thumbnail hentry category-news\" role=\"listitem\">\n\t\t\t<div class=\"elementor-post__card\">\n\t\t\t\t<a class=\"elementor-post__thumbnail__link\" href=\"https:\/\/ldpbwebdesigner.com\/index.php\/2024\/07\/15\/les-10-raisons-essentielles-davoir-un-site-web\/\" tabindex=\"-1\" target=\"_blank\"><div class=\"elementor-post__thumbnail\"><img decoding=\"async\" width=\"1280\" height=\"720\" src=\"https:\/\/ldpbwebdesigner.com\/wp-content\/uploads\/2024\/07\/Vert-et-Noir-Geometrique-High-Tech-Technologie-YouTube-Miniature.png\" class=\"attachment-full size-full wp-image-447\" alt=\"\" srcset=\"https:\/\/ldpbwebdesigner.com\/wp-content\/uploads\/2024\/07\/Vert-et-Noir-Geometrique-High-Tech-Technologie-YouTube-Miniature.png 1280w, https:\/\/ldpbwebdesigner.com\/wp-content\/uploads\/2024\/07\/Vert-et-Noir-Geometrique-High-Tech-Technologie-YouTube-Miniature-300x169.png 300w, https:\/\/ldpbwebdesigner.com\/wp-content\/uploads\/2024\/07\/Vert-et-Noir-Geometrique-High-Tech-Technologie-YouTube-Miniature-1024x576.png 1024w, https:\/\/ldpbwebdesigner.com\/wp-content\/uploads\/2024\/07\/Vert-et-Noir-Geometrique-High-Tech-Technologie-YouTube-Miniature-768x432.png 768w\" sizes=\"(max-width: 1280px) 100vw, 1280px\" \/><\/div><\/a>\n\t\t\t\t<div class=\"elementor-post__badge\">News<\/div>\n\t\t\t\t<div class=\"elementor-post__text\">\n\t\t\t\t<h3 class=\"elementor-post__title\">\n\t\t\t<a href=\"https:\/\/ldpbwebdesigner.com\/index.php\/2024\/07\/15\/les-10-raisons-essentielles-davoir-un-site-web\/\" target=&quot;_blank&quot;>\n\t\t\t\tLes 10 Raisons Essentielles d&rsquo;Avoir un Site Web pour les Nouveaux Entrepreneurs: Notre Avis d&rsquo;Experts\t\t\t<\/a>\n\t\t<\/h3>\n\t\t\n\t\t<a class=\"elementor-post__read-more\" href=\"https:\/\/ldpbwebdesigner.com\/index.php\/2024\/07\/15\/les-10-raisons-essentielles-davoir-un-site-web\/\" aria-label=\"Read more about Les 10 Raisons Essentielles d&rsquo;Avoir un Site Web pour les Nouveaux Entrepreneurs: Notre Avis d&rsquo;Experts\" tabindex=\"-1\" target=\"_blank\">\n\t\t\tEn savoir plus...\t\t<\/a>\n\n\t\t\t\t<\/div>\n\t\t\t\t<div class=\"elementor-post__meta-data\">\n\t\t\t\t\t<span class=\"elementor-post-date\">\n\t\t\tjuillet 15, 2024\t\t<\/span>\n\t\t\t\t<span class=\"elementor-post-avatar\">\n\t\t\tAucun commentaire\t\t<\/span>\n\t\t\t\t<\/div>\n\t\t\t\t\t<\/div>\n\t\t<\/article>\n\t\t\t\t<\/div>\n\t\t\n\t\t\t\t\t\t<\/div>\n\t\t\t\t<\/div>\n\t\t\t\t\t<\/div>\n\t\t\t\t<\/div>\n\t\t\t\t<\/div>\n\t\t","protected":false},"excerpt":{"rendered":"","protected":false},"author":1,"featured_media":436,"parent":0,"menu_order":0,"comment_status":"closed","ping_status":"closed","template":"","meta":{"_seopress_robots_primary_cat":"","_seopress_titles_title":"","_seopress_titles_desc":"","_seopress_robots_index":"","_gspb_post_css":"","footnotes":""},"class_list":["post-89","page","type-page","status-publish","has-post-thumbnail","hentry"],"_links":{"self":[{"href":"https:\/\/ldpbwebdesigner.com\/index.php\/wp-json\/wp\/v2\/pages\/89","targetHints":{"allow":["GET"]}}],"collection":[{"href":"https:\/\/ldpbwebdesigner.com\/index.php\/wp-json\/wp\/v2\/pages"}],"about":[{"href":"https:\/\/ldpbwebdesigner.com\/index.php\/wp-json\/wp\/v2\/types\/page"}],"author":[{"embeddable":true,"href":"https:\/\/ldpbwebdesigner.com\/index.php\/wp-json\/wp\/v2\/users\/1"}],"replies":[{"embeddable":true,"href":"https:\/\/ldpbwebdesigner.com\/index.php\/wp-json\/wp\/v2\/comments?post=89"}],"version-history":[{"count":10,"href":"https:\/\/ldpbwebdesigner.com\/index.php\/wp-json\/wp\/v2\/pages\/89\/revisions"}],"predecessor-version":[{"id":452,"href":"https:\/\/ldpbwebdesigner.com\/index.php\/wp-json\/wp\/v2\/pages\/89\/revisions\/452"}],"wp:featuredmedia":[{"embeddable":true,"href":"https:\/\/ldpbwebdesigner.com\/index.php\/wp-json\/wp\/v2\/media\/436"}],"wp:attachment":[{"href":"https:\/\/ldpbwebdesigner.com\/index.php\/wp-json\/wp\/v2\/media?parent=89"}],"curies":[{"name":"wp","href":"https:\/\/api.w.org\/{rel}","templated":true}]}}