{"id":95,"date":"2024-07-10T08:46:16","date_gmt":"2024-07-10T08:46:16","guid":{"rendered":"https:\/\/ldpbwebdesigner.com\/?page_id=95"},"modified":"2024-07-10T20:12:05","modified_gmt":"2024-07-10T20:12:05","slug":"prestations-web-design","status":"publish","type":"page","link":"https:\/\/ldpbwebdesigner.com\/index.php\/prestations-web-design\/","title":{"rendered":"Prestations Web Design"},"content":{"rendered":"\t\t<div data-elementor-type=\"wp-page\" data-elementor-id=\"95\" class=\"elementor elementor-95\" data-elementor-post-type=\"page\">\n\t\t\t\t<div class=\"elementor-element elementor-element-f857da7 e-flex e-con-boxed e-con e-parent\" data-id=\"f857da7\" data-element_type=\"container\" data-settings=\"{&quot;background_background&quot;:&quot;classic&quot;}\">\n\t\t\t\t\t<div class=\"e-con-inner\">\n\t\t\t\t<div class=\"elementor-element elementor-element-777d810 elementor-widget elementor-widget-heading\" data-id=\"777d810\" data-element_type=\"widget\" data-widget_type=\"heading.default\">\n\t\t\t\t<div class=\"elementor-widget-container\">\n\t\t\t\t\t<h2 class=\"elementor-heading-title elementor-size-default\">Nos prestations de cr\u00e9ation de site internet &amp; web design<\/h2>\t\t\t\t<\/div>\n\t\t\t\t<\/div>\n\t\t\t\t\t<\/div>\n\t\t\t\t<\/div>\n\t\t<div class=\"elementor-element elementor-element-69b64df e-flex e-con-boxed e-con e-parent\" data-id=\"69b64df\" data-element_type=\"container\">\n\t\t\t\t\t<div class=\"e-con-inner\">\n\t\t\t\t<div class=\"elementor-element elementor-element-76a4984 elementor-widget elementor-widget-text-editor\" data-id=\"76a4984\" data-element_type=\"widget\" data-widget_type=\"text-editor.default\">\n\t\t\t\t<div class=\"elementor-widget-container\">\n\t\t\t\t\t\t\t\t\t<h2>\u00a0<\/h2><h2 style=\"text-align: center;\">Nos services de web design et de cr\u00e9ation de site web visent \u00e0 offrir une solution compl\u00e8te, de la conception \u00e0 la mise en ligne. Nous combinons cr\u00e9ativit\u00e9, expertise technique et connaissance des meilleures pratiques UX\/UI pour concevoir et d\u00e9velopper des sites qui s\u00e9duisent les visiteurs, atteignent vos objectifs commerciaux et \u00e9tablissent une pr\u00e9sence en ligne forte.<\/h2><p class=\"whitespace-pre-wrap break-words\"><strong>Prestations de web design et cr\u00e9ation de site, avec leurs avantages:<\/strong><\/p><ol class=\"-mt-1 list-decimal space-y-2 pl-8\"><li class=\"whitespace-normal break-words\"><span style=\"text-decoration: underline;\">Conception et cr\u00e9ation de site vitrine<\/span>: En moyenne, un site vitrine bien con\u00e7u <strong>augmente les demandes de contact de 25 \u00e0 35%<\/strong>.<\/li><li class=\"whitespace-normal break-words\"><span style=\"text-decoration: underline;\">D\u00e9veloppement de site e-commerce<\/span>: Un site e-commerce optimis\u00e9 <strong>am\u00e9liore g\u00e9n\u00e9ralement le taux de conversion des visiteurs en clients de 15 \u00e0 25%<\/strong>.<\/li><li class=\"whitespace-normal break-words\"><span style=\"text-decoration: underline;\">Design responsive<\/span>: Un design responsive <strong>am\u00e9liore en moyenne le taux de conversion sur mobile de 15 \u00e0 25%<\/strong>.<\/li><li class=\"whitespace-normal break-words\"><span style=\"text-decoration: underline;\">Optimisation de la vitesse de chargement<\/span>: L&rsquo;optimisation de la vitesse r\u00e9duit g\u00e9n\u00e9ralement le taux de rebond de 10 \u00e0 20% et <strong>augmente le temps pass\u00e9 sur le site de 15 \u00e0 25%<\/strong>.<\/li><li class=\"whitespace-normal break-words\"><span style=\"text-decoration: underline;\">Refonte compl\u00e8te de site web<\/span>: Une refonte bien ex\u00e9cut\u00e9e <strong>am\u00e9liore en moyenne le taux de conversion global de 10 \u00e0 15%<\/strong>.<\/li><li class=\"whitespace-normal break-words\"><span style=\"text-decoration: underline;\">Conception d&rsquo;interface utilisateur (UI)<\/span>: Une interface utilisateur optimis\u00e9e peut <strong>augmenter la satisfaction des utilisateurs de 20 \u00e0 30%<\/strong>, mesur\u00e9e par des enqu\u00eates de satisfaction.<\/li><li class=\"whitespace-normal break-words\"><span style=\"text-decoration: underline;\">Am\u00e9lioration de l&rsquo;exp\u00e9rience utilisateur (UX)<\/span>: Les am\u00e9liorations UX r<strong>\u00e9duisent typiquement le taux d&rsquo;abandon des paniers d&rsquo;achat de 10 \u00e0 15%<\/strong> pour les sites e-commerce.<\/li><li class=\"whitespace-normal break-words\"><span style=\"text-decoration: underline;\">Int\u00e9gration de syst\u00e8mes de gestion de contenu (CMS)<\/span>: L&rsquo;utilisation d&rsquo;un CMS adapt\u00e9 permet g\u00e9n\u00e9ralement de <strong>r\u00e9duire le temps de mise \u00e0 jour du contenu de 30 \u00e0 40%<\/strong>.<\/li><li class=\"whitespace-normal break-words\"><span style=\"text-decoration: underline;\">Cr\u00e9ation de sites web multilingues<\/span>: Un site multilingue bien con\u00e7u peut <strong>augmenter la port\u00e9e internationale de 20 \u00e0 30%<\/strong> selon le march\u00e9 cibl\u00e9.<\/li><li class=\"whitespace-normal break-words\">D<span style=\"text-decoration: underline;\">esign pour l&rsquo;accessibilit\u00e9<\/span>: L&rsquo;impl\u00e9mentation de normes d&rsquo;accessibilit\u00e9 <strong>augmente en moyenne l&rsquo;audience potentielle de 15 \u00e0 20%<\/strong>.<\/li><li class=\"whitespace-normal break-words\"><span style=\"text-decoration: underline;\">Optimisation des formulaires<\/span>:\u00a0La simplification et l&rsquo;optimisation des formulaires <strong>augmentent g\u00e9n\u00e9ralement leur taux de compl\u00e9tion de 10 \u00e0 20%<\/strong>.<\/li><li class=\"whitespace-normal break-words\"><span style=\"text-decoration: underline;\">Design et d\u00e9veloppement de landing pages<\/span>: Des landing pages bien con\u00e7ues <strong>am\u00e9liorent typiquement le taux de conversion des campagnes publicitaires de 20 \u00e0 30%<\/strong>.<\/li><li class=\"whitespace-normal break-words\"><span style=\"text-decoration: underline;\">Int\u00e9gration des m\u00e9dias sociaux<\/span>: Une int\u00e9gration efficace des m\u00e9dias sociaux peut <strong>augmenter l&rsquo;engagement des visiteurs de 15 \u00e0 25%<\/strong>.<\/li><li class=\"whitespace-normal break-words\"><span style=\"text-decoration: underline;\">D\u00e9veloppement de fonctionnalit\u00e9s sur mesure<\/span>: L&rsquo;ajout de fonctionnalit\u00e9s personnalis\u00e9es peut <strong>am\u00e9liorer l&rsquo;engagement des utilisateurs de 10 \u00e0 20%<\/strong> selon la nature de la fonction.<\/li><\/ol>\t\t\t\t\t\t\t\t<\/div>\n\t\t\t\t<\/div>\n\t\t\t\t\t<\/div>\n\t\t\t\t<\/div>\n\t\t<div class=\"elementor-element elementor-element-cf5f43a e-flex e-con-boxed e-con e-parent\" data-id=\"cf5f43a\" data-element_type=\"container\" data-settings=\"{&quot;background_background&quot;:&quot;classic&quot;}\">\n\t\t\t\t\t<div class=\"e-con-inner\">\n\t\t\t\t<div class=\"elementor-element elementor-element-802e171 elementor-widget elementor-widget-heading\" data-id=\"802e171\" data-element_type=\"widget\" data-widget_type=\"heading.default\">\n\t\t\t\t<div class=\"elementor-widget-container\">\n\t\t\t\t\t<h2 class=\"elementor-heading-title elementor-size-default\">\"Ces chiffres repr\u00e9sentent des moyennes observ\u00e9es chez nos clients sur une p\u00e9riode de 3 \u00e0 6 mois apr\u00e8s le lancement ou la refonte de leur site. Les r\u00e9sultats peuvent varier en fonction de votre secteur d'activit\u00e9, de votre public cible et de vos objectifs sp\u00e9cifiques. Notre approche sur mesure garantit que chaque site que nous cr\u00e9ons ou redesignons est parfaitement align\u00e9 avec vos besoins commerciaux et les attentes de vos utilisateurs.\"<\/h2>\t\t\t\t<\/div>\n\t\t\t\t<\/div>\n\t\t\t\t\t<\/div>\n\t\t\t\t<\/div>\n\t\t\t\t<\/div>\n\t\t","protected":false},"excerpt":{"rendered":"<p>Nos prestations de cr\u00e9ation de site internet &#038; web design \u00a0 Nos services de web design et de cr\u00e9ation de site web visent \u00e0 offrir une solution compl\u00e8te, de la conception \u00e0 la mise en ligne. Nous combinons cr\u00e9ativit\u00e9, expertise technique et connaissance des meilleures pratiques UX\/UI pour concevoir et d\u00e9velopper des sites qui s\u00e9duisent [&hellip;]<\/p>\n","protected":false},"author":1,"featured_media":0,"parent":0,"menu_order":0,"comment_status":"closed","ping_status":"closed","template":"","meta":{"_seopress_robots_primary_cat":"","_seopress_titles_title":"","_seopress_titles_desc":"","_seopress_robots_index":"","_gspb_post_css":"","footnotes":""},"class_list":["post-95","page","type-page","status-publish","hentry"],"_links":{"self":[{"href":"https:\/\/ldpbwebdesigner.com\/index.php\/wp-json\/wp\/v2\/pages\/95","targetHints":{"allow":["GET"]}}],"collection":[{"href":"https:\/\/ldpbwebdesigner.com\/index.php\/wp-json\/wp\/v2\/pages"}],"about":[{"href":"https:\/\/ldpbwebdesigner.com\/index.php\/wp-json\/wp\/v2\/types\/page"}],"author":[{"embeddable":true,"href":"https:\/\/ldpbwebdesigner.com\/index.php\/wp-json\/wp\/v2\/users\/1"}],"replies":[{"embeddable":true,"href":"https:\/\/ldpbwebdesigner.com\/index.php\/wp-json\/wp\/v2\/comments?post=95"}],"version-history":[{"count":7,"href":"https:\/\/ldpbwebdesigner.com\/index.php\/wp-json\/wp\/v2\/pages\/95\/revisions"}],"predecessor-version":[{"id":247,"href":"https:\/\/ldpbwebdesigner.com\/index.php\/wp-json\/wp\/v2\/pages\/95\/revisions\/247"}],"wp:attachment":[{"href":"https:\/\/ldpbwebdesigner.com\/index.php\/wp-json\/wp\/v2\/media?parent=95"}],"curies":[{"name":"wp","href":"https:\/\/api.w.org\/{rel}","templated":true}]}}